{"id":2371,"date":"2026-01-30T07:54:00","date_gmt":"2026-01-30T06:54:00","guid":{"rendered":"https:\/\/jobs.heavyteam.com\/dichiarazione-di-accessibilita\/"},"modified":"2026-03-17T08:59:13","modified_gmt":"2026-03-17T07:59:13","slug":"dichiarazione-di-accessibilita","status":"publish","type":"page","link":"https:\/\/jobs.heavyteam.com\/it\/dichiarazione-di-accessibilita\/","title":{"rendered":"Dichiarazione di accessibilit\u00e0"},"content":{"rendered":"<div class=\"fusion-fullwidth fullwidth-box fusion-builder-row-1 fusion-flex-container has-pattern-background has-mask-background nonhundred-percent-fullwidth non-hundred-percent-height-scrolling\" style=\"--awb-background-position:left top;--awb-border-sizes-top:0px;--awb-border-sizes-bottom:0px;--awb-border-sizes-left:0px;--awb-border-sizes-right:0px;--awb-border-radius-top-left:0px;--awb-border-radius-top-right:0px;--awb-border-radius-bottom-right:0px;--awb-border-radius-bottom-left:0px;--awb-padding-top:60px;--awb-padding-bottom:40px;--awb-padding-top-medium:60px;--awb-padding-bottom-medium:30px;--awb-padding-top-small:40px;--awb-padding-bottom-small:20px;--awb-flex-wrap:wrap;\" id=\"psbarrierefrei\" ><div class=\"fusion-builder-row fusion-row fusion-flex-align-items-flex-start fusion-flex-content-wrap\" style=\"max-width:calc( 1170px + 0px );margin-left: calc(-0px \/ 2 );margin-right: calc(-0px \/ 2 );\"><div class=\"fusion-layout-column fusion_builder_column fusion-builder-column-0 fusion_builder_column_1_1 1_1 fusion-flex-column fusion-flex-align-self-flex-start fusion-column-no-min-height\" style=\"--awb-bg-blend:overlay;--awb-bg-size:cover;--awb-width-large:100%;--awb-margin-top-large:0px;--awb-spacing-right-large:0px;--awb-margin-bottom-large:0px;--awb-spacing-left-large:0px;--awb-width-medium:100%;--awb-order-medium:0;--awb-spacing-right-medium:0px;--awb-spacing-left-medium:0px;--awb-width-small:100%;--awb-order-small:0;--awb-spacing-right-small:0px;--awb-spacing-left-small:0px;\" data-scroll-devices=\"small-visibility,medium-visibility,large-visibility\"><div class=\"fusion-column-wrapper fusion-column-has-shadow fusion-flex-justify-content-flex-start fusion-content-layout-column\"><div class=\"fusion-title title fusion-title-1 fusion-title-center fusion-title-text fusion-title-size-two\"><div class=\"title-sep-container title-sep-container-left\"><div class=\"title-sep sep- sep-solid\" style=\"border-color:hsla(var(--awb-color1-h),var(--awb-color1-s),var(--awb-color1-l),calc( var(--awb-color1-a) - 80% ));\"><\/div><\/div><span class=\"awb-title-spacer\"><\/span><h2 class=\"fusion-title-heading title-heading-center fusion-responsive-typography-calculated\" style=\"margin:0;--fontSize:40;line-height:1.1;\">Dichiarazione di accessibilit\u00e0<\/h2><span class=\"awb-title-spacer\"><\/span><div class=\"title-sep-container title-sep-container-right\"><div class=\"title-sep sep- sep-solid\" style=\"border-color:hsla(var(--awb-color1-h),var(--awb-color1-s),var(--awb-color1-l),calc( var(--awb-color1-a) - 80% ));\"><\/div><\/div><\/div><div class=\"fusion-title title fusion-title-2 fusion-title-center fusion-title-text fusion-title-size-three\" style=\"--awb-margin-bottom-small:0px;\"><div class=\"title-sep-container title-sep-container-left\"><div class=\"title-sep sep- sep-solid\" style=\"border-color:hsla(var(--awb-color1-h),var(--awb-color1-s),var(--awb-color1-l),calc( var(--awb-color1-a) - 80% ));\"><\/div><\/div><span class=\"awb-title-spacer\"><\/span><h3 class=\"fusion-title-heading title-heading-center fusion-responsive-typography-calculated\" style=\"margin:0;--fontSize:32;line-height:1.13;\">Sito web jobs.heavyteam.com<\/h3><span class=\"awb-title-spacer\"><\/span><div class=\"title-sep-container title-sep-container-right\"><div class=\"title-sep sep- sep-solid\" style=\"border-color:hsla(var(--awb-color1-h),var(--awb-color1-s),var(--awb-color1-l),calc( var(--awb-color1-a) - 80% ));\"><\/div><\/div><\/div><div class=\"fusion-text fusion-text-1\" style=\"--awb-content-alignment:left;--awb-margin-top:10px;\"><h4>Informazioni sulla conformit\u00e0 ai sensi della legge sull&#8217;accessibilit\u00e0<\/h4>\n<p>La Heavyteam-Spezialtransport GmbH si impegna a rendere il proprio sito web conforme alla legge sull&#8217;accessibilit\u00e0 per soddisfare i requisiti della direttiva europea sull&#8217;accessibilit\u00e0 (<a href=\"https:\/\/eur-lex.europa.eu\/legal-content\/DE\/TXT\/?uri=CELEX%3A32019L0882\" target=\"_blank\" rel=\"noopener\">RL 2019\/882<\/a>) in merito ai requisiti di accessibilit\u00e0.<\/p>\n<p>La direttiva per i contenuti web accessibili \u2013 WCAG 2.1 \u00e8 stata rispettata il pi\u00f9 possibile.<br \/>\nQuesta dichiarazione di accessibilit\u00e0 si applica al sito web <a href=\"https:\/\/jobs.heavyteam.com\/it\/\"><strong>jobs.heavyteam.com<\/strong><\/a><\/p>\n<h4>Stato di conformit\u00e0 ai requisiti<\/h4>\n<p>Questo sito web \u00e8 parzialmente conforme al <strong>livello di conformit\u00e0 AA delle &#8220;Linee guida per l&#8217;accessibilit\u00e0 dei contenuti web \u2013 <a href=\"https:\/\/www.w3.org\/TR\/WCAG21\/\" target=\"_blank\" rel=\"noopener\">WCAG 2.1<\/a>&#8220;<\/strong> o allo <a href=\"https:\/\/www.etsi.org\/deliver\/etsi_en\/301500_301599\/301549\/02.01.02_60\/en_301549v020102p.pdf\" target=\"_blank\" rel=\"noopener\">standard europeo EN 301 549 V2.1.2 (2018-08)<\/a> applicabile, a causa delle seguenti non conformit\u00e0 ed eccezioni.<\/p>\n<h4>Contenuti non accessibili<\/h4>\n<p>I contenuti elencati di seguito non sono accessibili per i seguenti motivi:<\/p>\n<h5><strong>a) Incompatibilit\u00e0 con le disposizioni sull&#8217;accessibilit\u00e0<\/strong><\/h5>\n<ul>\n<li><strong>Immagini:<\/strong><br \/>\nPer alcune immagini non decorative nel contenuto manca il testo alternativo, rendendo queste informazioni inaccessibili agli utenti di screen reader. Pertanto, il criterio di successo WCAG 1.1.1 (Contenuti non testuali) non \u00e8 soddisfatto.<\/li>\n<li><strong>Video (sottotitoli registrati):<\/strong><br \/>\nI video sono incorporati tramite provider di hosting esterni (Youtube, Vimeo). Per alcuni video registrati mancano i sottotitoli, quindi i contenuti parlati non sono disponibili per gli utenti sordi. Pertanto, il criterio di successo WCAG 1.2.2 (Sottotitoli registrati) non \u00e8 soddisfatto. Ci impegneremo a fornire sottotitoli nella produzione di nuovi video.<\/li>\n<li><strong>PDF e altri documenti Office:<\/strong><br \/>\nMolti documenti PDF e documenti Office non sono accessibili. Ad esempio, i documenti PDF non sono taggati, quindi non possono essere letti o utilizzati in modo adeguato dagli utenti di screen reader. Pertanto, il criterio di successo WCAG 4.1.2 (Nome, ruolo, valore) non \u00e8 soddisfatto. Per i documenti PDF o Office non accessibili \u00e8 possibile ottenere supporto. In questi casi, si prega di contattarci per poter fornire i contenuti nel modo pi\u00f9 appropriato possibile.<\/li>\n<\/ul>\n<h5><strong>b) Onere sproporzionato<\/strong><\/h5>\n<ul>\n<li><strong>Video (audiodescrizione registrata):<\/strong><br \/>\nNon siamo in grado di fornire le audiodescrizioni richieste per i video. Pertanto, il criterio di successo WCAG 1.2.5 (Audiodescrizione registrata) non \u00e8 soddisfatto. Riteniamo che la risoluzione costituirebbe un onere sproporzionato ai sensi delle disposizioni sull&#8217;accessibilit\u00e0.<\/li>\n<li><strong>PDF e altri documenti Office:<\/strong><br \/>\nPer ragioni economiche e organizzative, al momento non \u00e8 ancora possibile rendere accessibili i documenti PDF e i documenti Office (ecc.) pi\u00f9 datati.<\/li>\n<\/ul>\n<h5><strong>c) I contenuti non rientrano nell&#8217;ambito di applicazione della normativa vigente<\/strong><\/h5>\n<ul>\n<li>I video in diretta non sono sottotitolati. Pertanto, il criterio di successo WCAG 1.2.4 (Sottotitoli in diretta) non \u00e8 soddisfatto. I video in diretta sono esclusi dalla direttiva (UE) 2016\/2102. Non \u00e8 prevista la sottotitolazione dei video in diretta.<\/li>\n<li>Il sito web contiene documenti e contenuti di terze parti, nonch\u00e9 link a siti web esterni e strumenti incorporati che non sono sviluppati, finanziati o controllati da noi. Per questi contenuti di terze parti non \u00e8 possibile fare alcuna dichiarazione sulla conformit\u00e0 alle disposizioni sull&#8217;accessibilit\u00e0, motivo per cui sono esclusi dai requisiti della legge sull&#8217;accessibilit\u00e0. Poich\u00e9 questi contenuti sono al di fuori della nostra responsabilit\u00e0, non abbiamo alcuna influenza sulla loro accessibilit\u00e0.<\/li>\n<\/ul>\n<h4>Creazione di questa dichiarazione di accessibilit\u00e0<\/h4>\n<p>Questa dichiarazione \u00e8 stata aggiornata l&#8217;ultima volta il 30.01.2026.<\/p>\n<p>La valutazione della conformit\u00e0 del sito web al BaFG \u00e8 stata effettuata sotto forma di autovalutazione secondo WCAG 2.1.<br \/>\nI singoli contenuti delle pagine vengono regolarmente controllati dalla redazione web al momento della pubblicazione di nuovi contenuti.<\/p>\n<h4>Feedback e possibilit\u00e0 di contatto<\/h4>\n<p>Il sito web di Heavyteam-Spezialtransport GmbH \u00e8 in continuo miglioramento, scambio ed espansione. L&#8217;usabilit\u00e0 e l&#8217;accessibilit\u00e0 sono per noi una grande preoccupazione. In caso di barriere sul nostro sito web che ostacoli o limiti l&#8217;utilizzo, si prega di comunicarlo al seguente indirizzo e-mail: <a href=\"mailto:info@heavyteam.com\">info@heavyteam.com<\/a><\/p>\n<p>In questo caso, il problema dovrebbe essere brevemente descritto e dovrebbe essere fornito l&#8217;URL del sito web o del documento interessato. La richiesta verr\u00e0 esaminata e verr\u00e0 fornito un riscontro tempestivo.<\/p>\n<\/div><\/div><\/div><\/div><\/div>\n","protected":false},"excerpt":{"rendered":"","protected":false},"author":1,"featured_media":0,"parent":0,"menu_order":0,"comment_status":"open","ping_status":"closed","template":"100-width.php","meta":{"footnotes":""},"class_list":["post-2371","page","type-page","status-publish","hentry"],"_links":{"self":[{"href":"https:\/\/jobs.heavyteam.com\/it\/wp-json\/wp\/v2\/pages\/2371","targetHints":{"allow":["GET"]}}],"collection":[{"href":"https:\/\/jobs.heavyteam.com\/it\/wp-json\/wp\/v2\/pages"}],"about":[{"href":"https:\/\/jobs.heavyteam.com\/it\/wp-json\/wp\/v2\/types\/page"}],"author":[{"embeddable":true,"href":"https:\/\/jobs.heavyteam.com\/it\/wp-json\/wp\/v2\/users\/1"}],"replies":[{"embeddable":true,"href":"https:\/\/jobs.heavyteam.com\/it\/wp-json\/wp\/v2\/comments?post=2371"}],"version-history":[{"count":6,"href":"https:\/\/jobs.heavyteam.com\/it\/wp-json\/wp\/v2\/pages\/2371\/revisions"}],"predecessor-version":[{"id":2532,"href":"https:\/\/jobs.heavyteam.com\/it\/wp-json\/wp\/v2\/pages\/2371\/revisions\/2532"}],"wp:attachment":[{"href":"https:\/\/jobs.heavyteam.com\/it\/wp-json\/wp\/v2\/media?parent=2371"}],"curies":[{"name":"wp","href":"https:\/\/api.w.org\/{rel}","templated":true}]}}